{"id":3425,"date":"2025-11-20T08:05:50","date_gmt":"2025-11-20T08:05:50","guid":{"rendered":"https:\/\/alterrenoclub.com\/?page_id=3425"},"modified":"2026-02-01T19:18:14","modified_gmt":"2026-02-01T19:18:14","slug":"partners","status":"publish","type":"page","link":"https:\/\/alterrenoclub.com\/it\/partners\/","title":{"rendered":"Partners"},"content":{"rendered":"<div data-elementor-type=\"wp-page\" data-elementor-id=\"3425\" class=\"elementor elementor-3425\" data-elementor-post-type=\"page\">\n\t\t\t\t<div class=\"elementor-element elementor-element-c3dc8a9 e-flex e-con-boxed e-con e-parent\" data-id=\"c3dc8a9\" data-element_type=\"container\" data-e-type=\"container\" data-settings=\"{&quot;background_background&quot;:&quot;classic&quot;,&quot;ekit_has_onepagescroll_dot&quot;:&quot;yes&quot;}\">\n\t\t\t\t\t<div class=\"e-con-inner\">\n\t\t\t\t<div class=\"elementor-element elementor-element-469cd2f elementor-invisible elementor-widget elementor-widget-heading\" data-id=\"469cd2f\" data-element_type=\"widget\" data-e-type=\"widget\" data-settings=\"{&quot;_animation&quot;:&quot;fadeIn&quot;,&quot;_animation_delay&quot;:100}\" data-widget_type=\"heading.default\">\n\t\t\t\t<div class=\"elementor-widget-container\">\n\t\t\t\t\t<span class=\"elementor-heading-title elementor-size-default\">Partners<\/span>\t\t\t\t<\/div>\n\t\t\t\t<\/div>\n\t\t\t\t\t<\/div>\n\t\t\t\t<\/div>\n\t\t<div class=\"elementor-element elementor-element-c3548a8 e-flex e-con-boxed e-con e-parent\" data-id=\"c3548a8\" data-element_type=\"container\" data-e-type=\"container\" data-settings=\"{&quot;background_background&quot;:&quot;classic&quot;,&quot;ekit_has_onepagescroll_dot&quot;:&quot;yes&quot;}\">\n\t\t\t\t\t<div class=\"e-con-inner\">\n\t\t<div class=\"elementor-element elementor-element-d78b87a e-flex e-con-boxed e-con e-child\" data-id=\"d78b87a\" data-element_type=\"container\" data-e-type=\"container\" data-settings=\"{&quot;ekit_has_onepagescroll_dot&quot;:&quot;yes&quot;}\">\n\t\t\t\t\t<div class=\"e-con-inner\">\n\t\t\t\t<div class=\"elementor-element elementor-element-03d77e2 elementor-widget__width-inherit elementor-widget elementor-widget-heading\" data-id=\"03d77e2\" data-element_type=\"widget\" data-e-type=\"widget\" data-widget_type=\"heading.default\">\n\t\t\t\t<div class=\"elementor-widget-container\">\n\t\t\t\t\t<p class=\"elementor-heading-title elementor-size-default\">PARTNERSHIP<\/p>\t\t\t\t<\/div>\n\t\t\t\t<\/div>\n\t\t\t\t<div class=\"elementor-element elementor-element-7258f34 elementor-invisible elementor-widget elementor-widget-heading\" data-id=\"7258f34\" data-element_type=\"widget\" data-e-type=\"widget\" data-settings=\"{&quot;_animation&quot;:&quot;fadeIn&quot;,&quot;_animation_delay&quot;:100}\" data-widget_type=\"heading.default\">\n\t\t\t\t<div class=\"elementor-widget-container\">\n\t\t\t\t\t<h2 class=\"elementor-heading-title elementor-size-default\">Il nostro processo di selezione \u00e8 semplice: <i>passa parola<\/i><\/h2>\t\t\t\t<\/div>\n\t\t\t\t<\/div>\n\t\t\t\t<div class=\"elementor-element elementor-element-6f8f1c3 elementor-invisible elementor-widget elementor-widget-text-editor\" data-id=\"6f8f1c3\" data-element_type=\"widget\" data-e-type=\"widget\" data-settings=\"{&quot;_animation&quot;:&quot;fadeIn&quot;,&quot;_animation_delay&quot;:300}\" data-widget_type=\"text-editor.default\">\n\t\t\t\t<div class=\"elementor-widget-container\">\n\t\t\t\t\t\t\t\t\t<p>Ad Alterreno scegliamo i nostri partner con la stessa cura che riserviamo ai nostri cavalli.<br \/>Ogni collaborazione riflette i nostri valori: <strong>presenza, qualit\u00e0 e rispetto per ci\u00f2 che conta davvero.<\/strong><br \/>From concierge to exclusive villas, from tailored uniforms to events planning, we\u2019ve made our selection so that every member can access not only the best of Alterreno but the best of everything around it.<\/p>\t\t\t\t\t\t\t\t<\/div>\n\t\t\t\t<\/div>\n\t\t\t\t\t<\/div>\n\t\t\t\t<\/div>\n\t\t<div class=\"elementor-element elementor-element-a83d2b6 e-con-full e-flex e-con e-child\" data-id=\"a83d2b6\" data-element_type=\"container\" data-e-type=\"container\" data-settings=\"{&quot;ekit_has_onepagescroll_dot&quot;:&quot;yes&quot;}\">\n\t\t<div class=\"elementor-element elementor-element-eba4767 e-grid e-con-full e-con e-child\" data-id=\"eba4767\" data-element_type=\"container\" data-e-type=\"container\" data-settings=\"{&quot;ekit_has_onepagescroll_dot&quot;:&quot;yes&quot;}\">\n\t\t<div class=\"elementor-element elementor-element-ce75203 e-con-full e-flex e-con e-child\" data-id=\"ce75203\" data-element_type=\"container\" data-e-type=\"container\" data-settings=\"{&quot;ekit_has_onepagescroll_dot&quot;:&quot;yes&quot;}\">\n\t\t\t\t<div class=\"elementor-element elementor-element-857e40d elementor-position-left elementor-vertical-align-middle elementor-position-top elementor-widget elementor-widget-image-box\" data-id=\"857e40d\" data-element_type=\"widget\" data-e-type=\"widget\" data-widget_type=\"image-box.default\">\n\t\t\t\t<div class=\"elementor-widget-container\">\n\t\t\t\t\t<div class=\"elementor-image-box-wrapper\"><figure class=\"elementor-image-box-img\"><img fetchpriority=\"high\" decoding=\"async\" width=\"300\" height=\"300\" src=\"https:\/\/alterrenoclub.com\/wp-content\/uploads\/2025\/11\/bhs-logo-300x300.png\" class=\"attachment-medium size-medium wp-image-3700\" alt=\"\" srcset=\"https:\/\/alterrenoclub.com\/wp-content\/uploads\/2025\/11\/bhs-logo-300x300.png 300w, https:\/\/alterrenoclub.com\/wp-content\/uploads\/2025\/11\/bhs-logo-150x150.png 150w, https:\/\/alterrenoclub.com\/wp-content\/uploads\/2025\/11\/bhs-logo.png 504w\" sizes=\"(max-width: 300px) 100vw, 300px\" \/><\/figure><div class=\"elementor-image-box-content\"><h3 class=\"elementor-image-box-title\">BHS (British Horse SoBHS (British Horse Society)ciety)<\/h3><p class=\"elementor-image-box-description\">La nostra partnership con la British Horse Society sostiene tutto ci\u00f2 che insegniamo. Come centro approvato BHS (uno dei soli due in Italia), Alterreno offre programmi di formazione che rispettano i pi\u00f9 alti standard internazionali. I soci possono accedere alle qualifiche e ai percorsi BHS.<\/p><\/div><\/div>\t\t\t\t<\/div>\n\t\t\t\t<\/div>\n\t\t\t\t<\/div>\n\t\t<div class=\"elementor-element elementor-element-423125e e-con-full e-flex e-con e-child\" data-id=\"423125e\" data-element_type=\"container\" data-e-type=\"container\" data-settings=\"{&quot;ekit_has_onepagescroll_dot&quot;:&quot;yes&quot;}\">\n\t\t\t\t<div class=\"elementor-element elementor-element-2ccf6be elementor-position-left elementor-vertical-align-middle elementor-position-top elementor-widget elementor-widget-image-box\" data-id=\"2ccf6be\" data-element_type=\"widget\" data-e-type=\"widget\" data-widget_type=\"image-box.default\">\n\t\t\t\t<div class=\"elementor-widget-container\">\n\t\t\t\t\t<div class=\"elementor-image-box-wrapper\"><figure class=\"elementor-image-box-img\"><img decoding=\"async\" width=\"225\" height=\"225\" src=\"https:\/\/alterrenoclub.com\/wp-content\/uploads\/2025\/11\/images.jpg\" class=\"attachment-full size-full wp-image-3702\" alt=\"\" srcset=\"https:\/\/alterrenoclub.com\/wp-content\/uploads\/2025\/11\/images.jpg 225w, https:\/\/alterrenoclub.com\/wp-content\/uploads\/2025\/11\/images-150x150.jpg 150w\" sizes=\"(max-width: 225px) 100vw, 225px\" \/><\/figure><div class=\"elementor-image-box-content\"><h3 class=\"elementor-image-box-title\">FISE (Federazione Italiana Sport Equestri)<\/h3><p class=\"elementor-image-box-description\">Affiliazione ufficiale con la federazione nazionale italiana, che offre ai soci l\u2019accesso a opportunit\u00e0 competitive, eventi e alla comunit\u00e0 equestre italiana pi\u00f9 ampia per chi sceglie percorsi sportivi.\n<\/p><\/div><\/div>\t\t\t\t<\/div>\n\t\t\t\t<\/div>\n\t\t\t\t<\/div>\n\t\t<div class=\"elementor-element elementor-element-3b8003f e-con-full e-flex e-con e-child\" data-id=\"3b8003f\" data-element_type=\"container\" data-e-type=\"container\" data-settings=\"{&quot;ekit_has_onepagescroll_dot&quot;:&quot;yes&quot;}\">\n\t\t\t\t<div class=\"elementor-element elementor-element-53e7488 elementor-position-left elementor-vertical-align-middle elementor-position-top elementor-widget elementor-widget-image-box\" data-id=\"53e7488\" data-element_type=\"widget\" data-e-type=\"widget\" data-widget_type=\"image-box.default\">\n\t\t\t\t<div class=\"elementor-widget-container\">\n\t\t\t\t\t<div class=\"elementor-image-box-wrapper\"><figure class=\"elementor-image-box-img\"><img decoding=\"async\" width=\"1117\" height=\"1117\" src=\"https:\/\/alterrenoclub.com\/wp-content\/uploads\/2025\/11\/Logo-A25-1.jpg\" class=\"attachment-full size-full wp-image-3710\" alt=\"\" srcset=\"https:\/\/alterrenoclub.com\/wp-content\/uploads\/2025\/11\/Logo-A25-1.jpg 1117w, https:\/\/alterrenoclub.com\/wp-content\/uploads\/2025\/11\/Logo-A25-1-300x300.jpg 300w, https:\/\/alterrenoclub.com\/wp-content\/uploads\/2025\/11\/Logo-A25-1-1024x1024.jpg 1024w, https:\/\/alterrenoclub.com\/wp-content\/uploads\/2025\/11\/Logo-A25-1-150x150.jpg 150w, https:\/\/alterrenoclub.com\/wp-content\/uploads\/2025\/11\/Logo-A25-1-768x768.jpg 768w\" sizes=\"(max-width: 1117px) 100vw, 1117px\" \/><\/figure><div class=\"elementor-image-box-content\"><h3 class=\"elementor-image-box-title\">Admaiora<\/h3><p class=\"elementor-image-box-description\">Alterreno members in Italy enjoy a multi-award-winning concierge service dedicated solely to authenticity. From private encounters with cultural ambassadors to hidden culinary and wine treasures, Admaiora\u2019s world-renowneded expertise guarantees experiences that are both exclusive and genuine.<\/p><\/div><\/div>\t\t\t\t<\/div>\n\t\t\t\t<\/div>\n\t\t\t\t<\/div>\n\t\t\t\t<\/div>\n\t\t\t\t<\/div>\n\t\t\t\t\t<\/div>\n\t\t\t\t<\/div>\n\t\t\t\t<\/div>","protected":false},"excerpt":{"rendered":"<p>Partners PARTNERSHIP Our screening process is simple: word of mouth At Alterreno, we choose our partners with the same care we devote to our horses.Every collaboration reflects our values: presence, quality and respect for what matters.From concierge to exclusive villas, from tailored uniforms to events planning, we\u2019ve made our selection so that every member can [&hellip;]<\/p>\n","protected":false},"author":1,"featured_media":0,"parent":0,"menu_order":0,"comment_status":"closed","ping_status":"closed","template":"","meta":{"footnotes":""},"class_list":["post-3425","page","type-page","status-publish","hentry"],"_links":{"self":[{"href":"https:\/\/alterrenoclub.com\/it\/wp-json\/wp\/v2\/pages\/3425","targetHints":{"allow":["GET"]}}],"collection":[{"href":"https:\/\/alterrenoclub.com\/it\/wp-json\/wp\/v2\/pages"}],"about":[{"href":"https:\/\/alterrenoclub.com\/it\/wp-json\/wp\/v2\/types\/page"}],"author":[{"embeddable":true,"href":"https:\/\/alterrenoclub.com\/it\/wp-json\/wp\/v2\/users\/1"}],"replies":[{"embeddable":true,"href":"https:\/\/alterrenoclub.com\/it\/wp-json\/wp\/v2\/comments?post=3425"}],"version-history":[{"count":3,"href":"https:\/\/alterrenoclub.com\/it\/wp-json\/wp\/v2\/pages\/3425\/revisions"}],"predecessor-version":[{"id":6828,"href":"https:\/\/alterrenoclub.com\/it\/wp-json\/wp\/v2\/pages\/3425\/revisions\/6828"}],"wp:attachment":[{"href":"https:\/\/alterrenoclub.com\/it\/wp-json\/wp\/v2\/media?parent=3425"}],"curies":[{"name":"wp","href":"https:\/\/api.w.org\/{rel}","templated":true}]}}